{"id":801,"date":"2017-03-29T19:58:03","date_gmt":"2017-03-29T17:58:03","guid":{"rendered":"http:\/\/architecte-paul-jourdain.fr\/?page_id=801"},"modified":"2018-04-15T20:17:38","modified_gmt":"2018-04-15T18:17:38","slug":"cfai","status":"publish","type":"page","link":"https:\/\/paul-jourdain.com\/index.php\/cfai\/","title":{"rendered":"CFAI"},"content":{"rendered":"<div class=\"fusion-fullwidth fullwidth-box fusion-builder-row-1 nonhundred-percent-fullwidth non-hundred-percent-height-scrolling\" style=\"background-color: rgba(255,255,255,0);background-position: left top;background-repeat: no-repeat;padding-top:130px;padding-right:0px;padding-bottom:130px;padding-left:0px;margin-bottom: 0px;margin-top: 0px;border-width: 0px 0px 0px 0px;border-color:#eae9e9;border-style:solid;\" ><div class=\"fusion-builder-row fusion-row\"><div class=\"fusion-layout-column fusion_builder_column fusion-builder-column-0 fusion_builder_column_2_3 2_3 fusion-two-third fusion-column-first\" style=\"width:65.3333%; margin-right: 4%;margin-top:0px;margin-bottom:20px;\"><div class=\"fusion-column-wrapper fusion-flex-column-wrapper-legacy\" style=\"background-position:left top;background-repeat:no-repeat;-webkit-background-size:cover;-moz-background-size:cover;-o-background-size:cover;background-size:cover;padding: 0px 0px 0px 0px;\"><div class=\"fusion-text fusion-text-1\" style=\"transform:translate3d(0,0,0);\"><h2>CFAI<\/h2>\n<\/div><div class=\"fusion-sep-clear\"><\/div><div class=\"fusion-separator fusion-clearfix\" style=\"float:left;margin-top:0px;margin-bottom:35px;width:100%;max-width:170px;\"><div class=\"fusion-separator-border sep-single sep-solid\" style=\"border-color:#e2e3e8;border-top-width:3px;\"><\/div><\/div><div class=\"fusion-sep-clear\"><\/div><div class=\"fusion-text fusion-text-2\" style=\"transform:translate3d(0,0,0);\"><h3><em>Le titre<strong> CFAI<\/strong> est une reconnaissance d\u2019un savoir-faire et d\u2019une \u00e9thique professionnelle, d\u00e9cern\u00e9 par le Conseil Fran\u00e7ais des Architectes d\u2019Int\u00e9rieur depuis 1981. Paul Jourdain a obtenu ce titre en 2001.<\/em><\/h3>\n<h3><a href=\"http:\/\/www.cfai.fr\/\" target=\"_blank\" rel=\"noopener noreferrer\">http:\/\/www.cfai.fr<\/a><\/h3>\n<\/div><div class=\"fusion-clearfix\"><\/div><\/div><\/div><div class=\"fusion-layout-column fusion_builder_column fusion-builder-column-1 fusion_builder_column_1_3 1_3 fusion-one-third fusion-column-last\" style=\"width:30.6666%;margin-top:0px;margin-bottom:20px;\"><div class=\"fusion-column-wrapper fusion-flex-column-wrapper-legacy\" style=\"background-position:left top;background-repeat:no-repeat;-webkit-background-size:cover;-moz-background-size:cover;-o-background-size:cover;background-size:cover;padding: 0px 0px 0px 0px;\"><span class=\" fusion-imageframe imageframe-none imageframe-1 hover-type-zoomin fusion-animated\" data-animationType=\"fadeInDown\" data-animationDuration=\"1.0\" data-animationOffset=\"100%\"><a href=\"http:\/\/architecte-paul-jourdain.fr\/wp-content\/uploads\/2017\/03\/cfai.jpg\" class=\"fusion-lightbox\" data-rel=\"iLightbox[fc7da8c9367a6dd2b3c]\" data-title=\"cfai\" title=\"cfai\"><img width=\"400\" height=\"400\" src=\"http:\/\/architecte-paul-jourdain.fr\/wp-content\/uploads\/2017\/03\/cfai.jpg\" class=\"img-responsive wp-image-1051\" srcset=\"https:\/\/architecte-paul-jourdain.fr\/wp-content\/uploads\/2017\/03\/cfai-200x200.jpg 200w, https:\/\/architecte-paul-jourdain.fr\/wp-content\/uploads\/2017\/03\/cfai.jpg 400w\" sizes=\"(max-width: 800px) 100vw, 400px\" \/><\/a><\/span><div class=\"fusion-clearfix\"><\/div><\/div><\/div><\/div><\/div>\n","protected":false},"excerpt":{"rendered":"","protected":false},"author":1,"featured_media":0,"parent":0,"menu_order":0,"comment_status":"closed","ping_status":"closed","template":"100-width.php","meta":[],"yoast_head":"<!-- This site is optimized with the Yoast SEO plugin v15.9 - https:\/\/yoast.com\/wordpress\/plugins\/seo\/ -->\n<title>CFAI - Paul JOURDAIN Architecte d&#039;Int\u00e9rieur \u00e0 Troyes<\/title>\n<meta name=\"description\" content=\"Le titre CFAI est la reconnaissance d\u2019un savoir-faire et d\u2019une \u00e9thique professionnelle d\u00e9cern\u00e9 par le Conseil Fran\u00e7ais des Architectes d\u2019Int\u00e9rieur.\" \/>\n<meta name=\"robots\" content=\"index, follow, max-snippet:-1, max-image-preview:large, max-video-preview:-1\" \/>\n<link rel=\"canonical\" href=\"https:\/\/paul-jourdain.com\/index.php\/cfai\/\" \/>\n<meta property=\"og:locale\" content=\"fr_FR\" \/>\n<meta property=\"og:type\" content=\"article\" \/>\n<meta property=\"og:title\" content=\"CFAI - Paul JOURDAIN Architecte d&#039;Int\u00e9rieur \u00e0 Troyes\" \/>\n<meta property=\"og:description\" content=\"Le titre CFAI est la reconnaissance d\u2019un savoir-faire et d\u2019une \u00e9thique professionnelle d\u00e9cern\u00e9 par le Conseil Fran\u00e7ais des Architectes d\u2019Int\u00e9rieur.\" \/>\n<meta property=\"og:url\" content=\"https:\/\/paul-jourdain.com\/index.php\/cfai\/\" \/>\n<meta property=\"og:site_name\" content=\"Paul Jourdain\" \/>\n<meta property=\"article:modified_time\" content=\"2018-04-15T18:17:38+00:00\" \/>\n<meta name=\"twitter:card\" content=\"summary\" \/>\n<meta name=\"twitter:label1\" content=\"Dur\u00e9e de lecture est.\">\n\t<meta name=\"twitter:data1\" content=\"2 minutes\">\n<script type=\"application\/ld+json\" class=\"yoast-schema-graph\">{\"@context\":\"https:\/\/schema.org\",\"@graph\":[{\"@type\":\"WebSite\",\"@id\":\"https:\/\/paul-jourdain.com\/#website\",\"url\":\"https:\/\/paul-jourdain.com\/\",\"name\":\"Paul Jourdain\",\"description\":\"Architecte\",\"potentialAction\":[{\"@type\":\"SearchAction\",\"target\":\"https:\/\/paul-jourdain.com\/?s={search_term_string}\",\"query-input\":\"required name=search_term_string\"}],\"inLanguage\":\"fr-FR\"},{\"@type\":\"WebPage\",\"@id\":\"https:\/\/paul-jourdain.com\/index.php\/cfai\/#webpage\",\"url\":\"https:\/\/paul-jourdain.com\/index.php\/cfai\/\",\"name\":\"CFAI - Paul JOURDAIN Architecte d'Int\\u00e9rieur \\u00e0 Troyes\",\"isPartOf\":{\"@id\":\"https:\/\/paul-jourdain.com\/#website\"},\"datePublished\":\"2017-03-29T17:58:03+00:00\",\"dateModified\":\"2018-04-15T18:17:38+00:00\",\"description\":\"Le titre CFAI est la reconnaissance d\\u2019un savoir-faire et d\\u2019une \\u00e9thique professionnelle d\\u00e9cern\\u00e9 par le Conseil Fran\\u00e7ais des Architectes d\\u2019Int\\u00e9rieur.\",\"breadcrumb\":{\"@id\":\"https:\/\/paul-jourdain.com\/index.php\/cfai\/#breadcrumb\"},\"inLanguage\":\"fr-FR\",\"potentialAction\":[{\"@type\":\"ReadAction\",\"target\":[\"https:\/\/paul-jourdain.com\/index.php\/cfai\/\"]}]},{\"@type\":\"BreadcrumbList\",\"@id\":\"https:\/\/paul-jourdain.com\/index.php\/cfai\/#breadcrumb\",\"itemListElement\":[{\"@type\":\"ListItem\",\"position\":1,\"item\":{\"@type\":\"WebPage\",\"@id\":\"https:\/\/paul-jourdain.com\/\",\"url\":\"https:\/\/paul-jourdain.com\/\",\"name\":\"Home\"}},{\"@type\":\"ListItem\",\"position\":2,\"item\":{\"@type\":\"WebPage\",\"@id\":\"https:\/\/paul-jourdain.com\/index.php\/cfai\/\",\"url\":\"https:\/\/paul-jourdain.com\/index.php\/cfai\/\",\"name\":\"CFAI\"}}]}]}<\/script>\n<!-- \/ Yoast SEO plugin. -->","_links":{"self":[{"href":"https:\/\/paul-jourdain.com\/index.php\/wp-json\/wp\/v2\/pages\/801"}],"collection":[{"href":"https:\/\/paul-jourdain.com\/index.php\/wp-json\/wp\/v2\/pages"}],"about":[{"href":"https:\/\/paul-jourdain.com\/index.php\/wp-json\/wp\/v2\/types\/page"}],"author":[{"embeddable":true,"href":"https:\/\/paul-jourdain.com\/index.php\/wp-json\/wp\/v2\/users\/1"}],"replies":[{"embeddable":true,"href":"https:\/\/paul-jourdain.com\/index.php\/wp-json\/wp\/v2\/comments?post=801"}],"version-history":[{"count":6,"href":"https:\/\/paul-jourdain.com\/index.php\/wp-json\/wp\/v2\/pages\/801\/revisions"}],"predecessor-version":[{"id":1052,"href":"https:\/\/paul-jourdain.com\/index.php\/wp-json\/wp\/v2\/pages\/801\/revisions\/1052"}],"wp:attachment":[{"href":"https:\/\/paul-jourdain.com\/index.php\/wp-json\/wp\/v2\/media?parent=801"}],"curies":[{"name":"wp","href":"https:\/\/api.w.org\/{rel}","templated":true}]}}