{"id":782,"date":"2017-03-28T21:48:10","date_gmt":"2017-03-28T19:48:10","guid":{"rendered":"http:\/\/architecte-paul-jourdain.fr\/?page_id=782"},"modified":"2018-05-15T13:27:27","modified_gmt":"2018-05-15T11:27:27","slug":"agence","status":"publish","type":"page","link":"https:\/\/paul-jourdain.com\/index.php\/agence\/","title":{"rendered":"Agence"},"content":{"rendered":"<p><div class=\"fusion-fullwidth fullwidth-box fusion-builder-row-1 nonhundred-percent-fullwidth non-hundred-percent-height-scrolling\" style=\"background-color: rgba(255,255,255,0.5);background-position: left top;background-repeat: no-repeat;padding-top:0px;padding-right:0px;padding-bottom:50px;padding-left:0px;margin-bottom: 0px;margin-top: 0px;border-width: 0px 0px 0px 0px;border-color:#eae9e9;border-style:solid;\" ><div class=\"fusion-builder-row fusion-row\"><div class=\"fusion-layout-column fusion_builder_column fusion-builder-column-0 fusion_builder_column_1_1 1_1 fusion-one-full fusion-column-first fusion-column-last fusion-column-no-min-height\" style=\"margin-top:0px;margin-bottom:0px;\"><div class=\"fusion-column-wrapper fusion-flex-column-wrapper-legacy\" style=\"background-position:left top;background-repeat:no-repeat;-webkit-background-size:cover;-moz-background-size:cover;-o-background-size:cover;background-size:cover;padding: 0px 0px 0px 0px;\"><div class=\"fusion-text fusion-text-1\" style=\"transform:translate3d(0,0,0);\"><h3 style=\"text-align: center;\">Un Architecte d\u2019Int\u00e9rieur, Paul Jourdain et ses deux collaboratrices Nathalie et Marine.<\/h3>\n<\/div><div class=\"fusion-sep-clear\"><\/div><div class=\"fusion-separator\" style=\"margin-left: auto;margin-right: auto;margin-top:5px;margin-bottom:45px;width:100%;max-width:200px;\"><div class=\"fusion-separator-border sep-single sep-solid\" style=\"border-color:#e0e0e0;border-top-width:1px;\"><\/div><\/div><div class=\"fusion-sep-clear\"><\/div><div class=\"fusion-clearfix\"><\/div><\/div><\/div><div class=\"fusion-layout-column fusion_builder_column fusion-builder-column-1 fusion_builder_column_1_1 1_1 fusion-one-full fusion-column-first fusion-column-last fusion-column-no-min-height\" style=\"margin-top:0px;margin-bottom:0px;\"><div class=\"fusion-column-wrapper fusion-flex-column-wrapper-legacy\" style=\"background-position:left top;background-repeat:no-repeat;-webkit-background-size:cover;-moz-background-size:cover;-o-background-size:cover;background-size:cover;padding: 0px 0px 0px 0px;\"><div class=\"imageframe-align-center\"><span class=\" fusion-imageframe imageframe-none imageframe-1 hover-type-none fusion-animated\" data-animationType=\"fadeInLeft\" data-animationDuration=\"1.0\" data-animationOffset=\"100%\"><img width=\"850\" height=\"279\" title=\"agence3\" src=\"http:\/\/architecte-paul-jourdain.fr\/wp-content\/uploads\/2017\/03\/agence3.jpg\" class=\"img-responsive wp-image-1248\" srcset=\"https:\/\/architecte-paul-jourdain.fr\/wp-content\/uploads\/2017\/03\/agence3-200x66.jpg 200w, https:\/\/architecte-paul-jourdain.fr\/wp-content\/uploads\/2017\/03\/agence3-400x131.jpg 400w, https:\/\/architecte-paul-jourdain.fr\/wp-content\/uploads\/2017\/03\/agence3-600x197.jpg 600w, https:\/\/architecte-paul-jourdain.fr\/wp-content\/uploads\/2017\/03\/agence3-800x263.jpg 800w, https:\/\/architecte-paul-jourdain.fr\/wp-content\/uploads\/2017\/03\/agence3.jpg 850w\" sizes=\"(max-width: 800px) 100vw, 850px\" \/><\/span><\/div><div class=\"fusion-sep-clear\"><\/div><div class=\"fusion-separator fusion-full-width-sep\" style=\"margin-left: auto;margin-right: auto;margin-top:20px;margin-bottom:10px;width:100%;\"><\/div><div class=\"fusion-sep-clear\"><\/div><div class=\"fusion-clearfix\"><\/div><\/div><\/div><div class=\"fusion-layout-column fusion_builder_column fusion-builder-column-2 fusion_builder_column_1_1 1_1 fusion-one-full fusion-column-first fusion-column-last fusion-column-no-min-height\" style=\"margin-top:0px;margin-bottom:0px;\"><div class=\"fusion-column-wrapper fusion-flex-column-wrapper-legacy\" style=\"background-position:left top;background-repeat:no-repeat;-webkit-background-size:cover;-moz-background-size:cover;-o-background-size:cover;background-size:cover;padding: 0px 0px 0px 0px;\"><div class=\"fusion-text fusion-text-2\" style=\"transform:translate3d(0,0,0);\"><p style=\"text-align: center;\">L\u2019agence intervient en Champagne-Ardenne et au-del\u00e0.<br \/>\nElle est entour\u00e9e de professionnels du b\u00e2timent reconnus pour leurs comp\u00e9tences dans la r\u00e9alisation<br \/>\ndu chantier<\/p>\n<\/div><div class=\"fusion-clearfix\"><\/div><\/div><\/div><\/div><\/div><div class=\"fusion-fullwidth fullwidth-box fusion-builder-row-2 nonhundred-percent-fullwidth non-hundred-percent-height-scrolling\" style=\"background-color: #9fa397;background-position: center center;background-repeat: no-repeat;padding-top:55px;padding-right:0px;padding-bottom:100px;padding-left:0px;margin-bottom: 0px;margin-top: 0px;border-width: 0px 0px 0px 0px;border-color:#eae9e9;border-style:solid;\" ><div class=\"fusion-builder-row fusion-row\"><div class=\"fusion-layout-column fusion_builder_column fusion-builder-column-3 fusion_builder_column_1_1 1_1 fusion-one-full fusion-column-first fusion-column-last fusion-column-no-min-height\" style=\"margin-top:0px;margin-bottom:0px;\"><div class=\"fusion-column-wrapper fusion-flex-column-wrapper-legacy\" style=\"background-position:left top;background-repeat:no-repeat;-webkit-background-size:cover;-moz-background-size:cover;-o-background-size:cover;background-size:cover;padding: 0px 0px 0px 0px;\"><div class=\"fusion-text fusion-text-3\" style=\"transform:translate3d(0,0,0);\"><h2 style=\"text-align: center; font-size: 20px;\"><span style=\"color: #ffffff;\">Attentifs aux tendances, Paul Jourdain et son \u00e9quipe sauront prendre en compte vos id\u00e9es et vos contraintes afin de r\u00e9aliser vos projets dans les meilleures conditions et d\u00e9lais, vos r\u00eaves deviennent enfin accessibles !<\/span><\/h2>\n<\/div><div class=\"fusion-sep-clear\"><\/div><div class=\"fusion-separator\" style=\"margin-left: auto;margin-right: auto;margin-top:5px;margin-bottom:45px;width:100%;max-width:200px;\"><div class=\"fusion-separator-border sep-single sep-solid\" style=\"border-color:rgba(255,255,255,.4);border-top-width:1px;\"><\/div><\/div><div class=\"fusion-sep-clear\"><\/div><div class=\"fusion-sep-clear\"><\/div><div class=\"fusion-separator fusion-full-width-sep\" style=\"margin-left: auto;margin-right: auto;margin-top:20px;margin-bottom:10px;width:100%;\"><\/div><div class=\"fusion-sep-clear\"><\/div><div class=\"fusion-clearfix\"><\/div><\/div><\/div><div class=\"fusion-layout-column fusion_builder_column fusion-builder-column-4 fusion_builder_column_1_1 1_1 fusion-one-full fusion-column-first fusion-column-last fusion-column-no-min-height\" style=\"margin-top:0px;margin-bottom:0px;\"><div class=\"fusion-column-wrapper fusion-flex-column-wrapper-legacy\" style=\"background-position:left top;background-repeat:no-repeat;-webkit-background-size:cover;-moz-background-size:cover;-o-background-size:cover;background-size:cover;padding: 0px 0px 0px 0px;\"><div class=\"imageframe-align-center\"><span class=\" fusion-imageframe imageframe-none imageframe-2 hover-type-none fusion-animated\" data-animationType=\"fadeInLeft\" data-animationDuration=\"1.0\" data-animationOffset=\"100%\"><img width=\"1000\" height=\"507\" title=\"agence1\" src=\"http:\/\/architecte-paul-jourdain.fr\/wp-content\/uploads\/2017\/03\/agence1.jpg\" class=\"img-responsive wp-image-1246\" srcset=\"https:\/\/architecte-paul-jourdain.fr\/wp-content\/uploads\/2017\/03\/agence1-200x101.jpg 200w, https:\/\/architecte-paul-jourdain.fr\/wp-content\/uploads\/2017\/03\/agence1-400x203.jpg 400w, https:\/\/architecte-paul-jourdain.fr\/wp-content\/uploads\/2017\/03\/agence1-600x304.jpg 600w, https:\/\/architecte-paul-jourdain.fr\/wp-content\/uploads\/2017\/03\/agence1-800x406.jpg 800w, https:\/\/architecte-paul-jourdain.fr\/wp-content\/uploads\/2017\/03\/agence1.jpg 1000w\" sizes=\"(max-width: 800px) 100vw, 1000px\" \/><\/span><\/div><div class=\"fusion-sep-clear\"><\/div><div class=\"fusion-separator fusion-full-width-sep\" style=\"margin-left: auto;margin-right: auto;margin-top:20px;margin-bottom:10px;width:100%;\"><\/div><div class=\"fusion-sep-clear\"><\/div><div class=\"imageframe-align-center\"><span class=\" fusion-imageframe imageframe-none imageframe-3 hover-type-none fusion-animated\" data-animationType=\"fadeInLeft\" data-animationDuration=\"1.0\" data-animationOffset=\"100%\"><img width=\"1000\" height=\"664\" title=\"agence2\" src=\"http:\/\/architecte-paul-jourdain.fr\/wp-content\/uploads\/2017\/03\/agence2.jpg\" class=\"img-responsive wp-image-1247\" srcset=\"https:\/\/architecte-paul-jourdain.fr\/wp-content\/uploads\/2017\/03\/agence2-200x133.jpg 200w, https:\/\/architecte-paul-jourdain.fr\/wp-content\/uploads\/2017\/03\/agence2-400x266.jpg 400w, https:\/\/architecte-paul-jourdain.fr\/wp-content\/uploads\/2017\/03\/agence2-600x398.jpg 600w, https:\/\/architecte-paul-jourdain.fr\/wp-content\/uploads\/2017\/03\/agence2-800x531.jpg 800w, https:\/\/architecte-paul-jourdain.fr\/wp-content\/uploads\/2017\/03\/agence2.jpg 1000w\" sizes=\"(max-width: 800px) 100vw, 1000px\" \/><\/span><\/div><div class=\"fusion-sep-clear\"><\/div><div class=\"fusion-separator fusion-full-width-sep\" style=\"margin-left: auto;margin-right: auto;margin-top:20px;margin-bottom:10px;width:100%;\"><\/div><div class=\"fusion-sep-clear\"><\/div><div class=\"fusion-clearfix\"><\/div><\/div><\/div><\/div><\/div><\/p>\n","protected":false},"excerpt":{"rendered":"","protected":false},"author":1,"featured_media":0,"parent":0,"menu_order":0,"comment_status":"closed","ping_status":"closed","template":"100-width.php","meta":[],"yoast_head":"<!-- This site is optimized with the Yoast SEO plugin v15.9 - https:\/\/yoast.com\/wordpress\/plugins\/seo\/ -->\n<title>Agence d&#039;architecte int\u00e9rieur Paul Jourdain<\/title>\n<meta name=\"description\" content=\"Compos\u00e9e d&#039;un architecte d&#039;int\u00e9rieur, Paul Jourdain, et de deux collaboratrices, l&#039;agence intervient en Champagne-Ardenne mais aussi au del\u00e0 sur demande.\" \/>\n<meta name=\"robots\" content=\"index, follow, max-snippet:-1, max-image-preview:large, max-video-preview:-1\" \/>\n<link rel=\"canonical\" href=\"https:\/\/paul-jourdain.com\/index.php\/agence\/\" \/>\n<meta property=\"og:locale\" content=\"fr_FR\" \/>\n<meta property=\"og:type\" content=\"article\" \/>\n<meta property=\"og:title\" content=\"Agence d&#039;architecte int\u00e9rieur Paul Jourdain\" \/>\n<meta property=\"og:description\" content=\"Compos\u00e9e d&#039;un architecte d&#039;int\u00e9rieur, Paul Jourdain, et de deux collaboratrices, l&#039;agence intervient en Champagne-Ardenne mais aussi au del\u00e0 sur demande.\" \/>\n<meta property=\"og:url\" content=\"https:\/\/paul-jourdain.com\/index.php\/agence\/\" \/>\n<meta property=\"og:site_name\" content=\"Paul Jourdain\" \/>\n<meta property=\"article:modified_time\" content=\"2018-05-15T11:27:27+00:00\" \/>\n<meta name=\"twitter:card\" content=\"summary\" \/>\n<meta name=\"twitter:label1\" content=\"Dur\u00e9e de lecture est.\">\n\t<meta name=\"twitter:data1\" content=\"4 minutes\">\n<script type=\"application\/ld+json\" class=\"yoast-schema-graph\">{\"@context\":\"https:\/\/schema.org\",\"@graph\":[{\"@type\":\"WebSite\",\"@id\":\"https:\/\/paul-jourdain.com\/#website\",\"url\":\"https:\/\/paul-jourdain.com\/\",\"name\":\"Paul Jourdain\",\"description\":\"Architecte\",\"potentialAction\":[{\"@type\":\"SearchAction\",\"target\":\"https:\/\/paul-jourdain.com\/?s={search_term_string}\",\"query-input\":\"required name=search_term_string\"}],\"inLanguage\":\"fr-FR\"},{\"@type\":\"WebPage\",\"@id\":\"https:\/\/paul-jourdain.com\/index.php\/agence\/#webpage\",\"url\":\"https:\/\/paul-jourdain.com\/index.php\/agence\/\",\"name\":\"Agence d'architecte int\\u00e9rieur Paul Jourdain\",\"isPartOf\":{\"@id\":\"https:\/\/paul-jourdain.com\/#website\"},\"datePublished\":\"2017-03-28T19:48:10+00:00\",\"dateModified\":\"2018-05-15T11:27:27+00:00\",\"description\":\"Compos\\u00e9e d'un architecte d'int\\u00e9rieur, Paul Jourdain, et de deux collaboratrices, l'agence intervient en Champagne-Ardenne mais aussi au del\\u00e0 sur demande.\",\"breadcrumb\":{\"@id\":\"https:\/\/paul-jourdain.com\/index.php\/agence\/#breadcrumb\"},\"inLanguage\":\"fr-FR\",\"potentialAction\":[{\"@type\":\"ReadAction\",\"target\":[\"https:\/\/paul-jourdain.com\/index.php\/agence\/\"]}]},{\"@type\":\"BreadcrumbList\",\"@id\":\"https:\/\/paul-jourdain.com\/index.php\/agence\/#breadcrumb\",\"itemListElement\":[{\"@type\":\"ListItem\",\"position\":1,\"item\":{\"@type\":\"WebPage\",\"@id\":\"https:\/\/paul-jourdain.com\/\",\"url\":\"https:\/\/paul-jourdain.com\/\",\"name\":\"Home\"}},{\"@type\":\"ListItem\",\"position\":2,\"item\":{\"@type\":\"WebPage\",\"@id\":\"https:\/\/paul-jourdain.com\/index.php\/agence\/\",\"url\":\"https:\/\/paul-jourdain.com\/index.php\/agence\/\",\"name\":\"Agence\"}}]}]}<\/script>\n<!-- \/ Yoast SEO plugin. -->","_links":{"self":[{"href":"https:\/\/paul-jourdain.com\/index.php\/wp-json\/wp\/v2\/pages\/782"}],"collection":[{"href":"https:\/\/paul-jourdain.com\/index.php\/wp-json\/wp\/v2\/pages"}],"about":[{"href":"https:\/\/paul-jourdain.com\/index.php\/wp-json\/wp\/v2\/types\/page"}],"author":[{"embeddable":true,"href":"https:\/\/paul-jourdain.com\/index.php\/wp-json\/wp\/v2\/users\/1"}],"replies":[{"embeddable":true,"href":"https:\/\/paul-jourdain.com\/index.php\/wp-json\/wp\/v2\/comments?post=782"}],"version-history":[{"count":9,"href":"https:\/\/paul-jourdain.com\/index.php\/wp-json\/wp\/v2\/pages\/782\/revisions"}],"predecessor-version":[{"id":1275,"href":"https:\/\/paul-jourdain.com\/index.php\/wp-json\/wp\/v2\/pages\/782\/revisions\/1275"}],"wp:attachment":[{"href":"https:\/\/paul-jourdain.com\/index.php\/wp-json\/wp\/v2\/media?parent=782"}],"curies":[{"name":"wp","href":"https:\/\/api.w.org\/{rel}","templated":true}]}}