{"id":1279,"date":"2021-03-03T13:17:53","date_gmt":"2021-03-03T12:17:53","guid":{"rendered":"https:\/\/paul-jourdain.com\/?page_id=1279"},"modified":"2021-03-03T13:18:53","modified_gmt":"2021-03-03T12:18:53","slug":"donnees-personnelles","status":"publish","type":"page","link":"https:\/\/paul-jourdain.com\/index.php\/donnees-personnelles\/","title":{"rendered":"Donn\u00e9es personnelles"},"content":{"rendered":"<div class=\"fusion-fullwidth fullwidth-box fusion-builder-row-1 nonhundred-percent-fullwidth non-hundred-percent-height-scrolling\" style=\"background-color: rgba(255,255,255,0);background-position: center center;background-repeat: no-repeat;padding-top:0px;padding-right:0px;padding-bottom:0px;padding-left:0px;margin-bottom: 0px;margin-top: 0px;border-width: 0px 0px 0px 0px;border-color:#eae9e9;border-style:solid;\" ><div class=\"fusion-builder-row fusion-row\"><div class=\"fusion-layout-column fusion_builder_column fusion-builder-column-0 fusion_builder_column_1_1 1_1 fusion-one-full fusion-column-first fusion-column-last\" style=\"margin-top:0px;margin-bottom:20px;\"><div class=\"fusion-column-wrapper fusion-flex-column-wrapper-legacy\" style=\"background-position:left top;background-repeat:no-repeat;-webkit-background-size:cover;-moz-background-size:cover;-o-background-size:cover;background-size:cover;padding: 0px 0px 0px 0px;\"><div class=\"fusion-text fusion-text-1\" style=\"transform:translate3d(0,0,0);\"><p><strong>D\u00e9claration de Renseignement sur la Confidentialit\u00e9 des Donn\u00e9es \u00e0 caract\u00e8re personnel conserv\u00e9es dans les registres de paul-jourdain.com<\/strong><\/p>\n<p>La pr\u00e9sente d\u00e9claration vous fournit des informations quant aux donn\u00e9es \u00e0 caract\u00e8re personnel vous concernant d\u00e9tenues dans les registres de ventes de paul-jourdain.com et dans les syst\u00e8mes li\u00e9s.<\/p>\n<p>Les donn\u00e9es contenues dans nos registres concernent les organisations avec lesquelles nous travaillons ou les personnes physiques li\u00e9es ou non \u00e0 une organisation :<br \/>\nCoordonn\u00e9es de base : nom, adresse \u00e9lectronique, num\u00e9ro de t\u00e9l\u00e9phone mobile ou fixe, et, le cas \u00e9ch\u00e9ant, votre position au sein de votre soci\u00e9t\u00e9. Ces donn\u00e9es sont susceptibles de nous avoir \u00e9t\u00e9 fournies par vous-m\u00eame ou votre organisation, ou d\u2019avoir \u00e9t\u00e9 obtenues \u00e0 partir de sources accessibles au public, telles que des sites Internet ou des r\u00e9pertoires commerciaux.<br \/>\nToutes autres donn\u00e9es vous concernant comme les informations li\u00e9es \u00e0 votre ou vos v\u00e9hicules que nous d\u00e9tenons ou que vous avez communiqu\u00e9es aux membres du personnel de paul-jourdain.com.<br \/>\nLes donn\u00e9es ajout\u00e9es par les membres du personnel de paul-jourdain.com relatives aux \u00e9changes avec vous et \u00e0 l\u2019int\u00e9r\u00eat que vous portez aux produits de paul-jourdain.com.<\/p>\n<p>La finalit\u00e9 du traitement des donn\u00e9es \u00e0 caract\u00e8re personnel vous concernant (\u00ab Traitement \u00bb d\u00e9signe toutes les op\u00e9rations de paul-jourdain.com en relation avec les donn\u00e9es vous concernant, y compris le fait de les collecter, les conserver, les utiliser et les communiquer.) La seule finalit\u00e9 pour laquelle paul-jourdain.com traitera vos donn\u00e9es \u00e0 caract\u00e8re personnel est la prise de contact avec-vous par t\u00e9l\u00e9phone, email ou SMS.<br \/>\nLa base juridique pour ce traitement est qu\u2019il est n\u00e9cessaire pour poursuivre les int\u00e9r\u00eats l\u00e9gitimes de paul-jourdain.com aux fins de pouvoir communiquer avec vous.<\/p>\n<p>Si vous choisissez de fournir des informations que paul-jourdain.com ne consid\u00e8re pas comme n\u00e9cessaires, la base du traitement desdites informations est votre consentement, illustr\u00e9 par le fait que vous fournissiez lesdites informations de mani\u00e8re volontaire. Vous avez le droit de retirer votre consentement \u00e0 tout moment. Vous pouvez le faire en \u00e9crivant \u00e0 paul-jourdain.com \u00e0 l\u2019adresse indiqu\u00e9e ci-dessous. Si, \u00e0 l\u2019avenir, paul-jourdain.com souhaite traiter vos donn\u00e9es pour toute autre finalit\u00e9, elle vous fournira d\u2019abord des informations quant \u00e0 l\u2019autre finalit\u00e9 en question.<\/p>\n<p>Paul-jourdain.com utilisera \u00e9galement vos donn\u00e9es \u00e0 caract\u00e8re personnel aux fins de vous envoyer des communications marketing \u00e9lectroniques. La base juridique de ce traitement est votre consentement. Vous pouvez retirer (ou modifier) votre consentement \u00e0 tout moment concernant cette finalit\u00e9 de traitement suppl\u00e9mentaire (ind\u00e9pendamment de votre droit de vous opposer \u00e0 la conservation de vos donn\u00e9es par paul-jourdain.com pour les finalit\u00e9s g\u00e9n\u00e9rales susmentionn\u00e9es) en nous \u00e9crivant \u00e0 l\u2019adresse ci-dessous.<\/p>\n<p>Paul-jourdain.com conservera vos donn\u00e9es \u00e0 caract\u00e8re personnel pendant toute la dur\u00e9e au cours de laquelle vous appara\u00eetrez dans nos dossiers. D\u00e8s qu\u2019elle n\u2019y apparaitra plus, vos donn\u00e9es seront uniquement conserv\u00e9es dans des archives. Paul-jourdain.com fait appel \u00e0 des tiers pour r\u00e9aliser certaines activit\u00e9s de traitement pour son compte. Certaines de vos donn\u00e9es \u00e0 caract\u00e8re personnel, ou l\u2019ensemble de ces derni\u00e8res, peuvent \u00eatre communiqu\u00e9es auxdits tiers, mais ces derniers sont uniquement autoris\u00e9s \u00e0 utiliser les donn\u00e9es ainsi communiqu\u00e9es pour les finalit\u00e9s pour lesquelles Paul-jourdain.com les conserve et conform\u00e9ment aux instructions de Paul-jourdain.com. En plus des sous-traitants tiers, Paul-jourdain.com est susceptible de divulguer tout ou partie de vos donn\u00e9es \u00e0 caract\u00e8re personnel aux organisations situ\u00e9es avant ou apr\u00e8s la v\u00f4tre dans la cha\u00eene d\u2019approvisionnement des produits Paul-jourdain.com, aux fins de leur permettre de vous contacter. En votre qualit\u00e9 de \u00ab personne concern\u00e9e \u00bb, vous avez le droit de demander \u00e0 Paul-jourdain.com qu\u2019elle vous donne acc\u00e8s \u00e0 vos donn\u00e9es \u00e0 caract\u00e8re personnel, qu\u2019elle les corrige ou les efface, qu\u2019elle en limite le traitement, ou de vous opposer au traitement, et vous disposez \u00e9galement du droit \u00e0 la portabilit\u00e9 des donn\u00e9es et \u00eates autoris\u00e9 \u00e0 introduire une r\u00e9clamation aupr\u00e8s d\u2019une autorit\u00e9 de contr\u00f4le.<\/p>\n<p>Le \u00ab responsable du traitement \u00bb des donn\u00e9es Paul Jourdain :<br \/>\nPau Jourdain (Protection des donn\u00e9es) 12 Rue Mitantier, 10000 Troyes \u2013 Courriel : contact@paul-jourdain.com<\/p>\n<\/div><div class=\"fusion-clearfix\"><\/div><\/div><\/div><\/div><\/div>\n","protected":false},"excerpt":{"rendered":"","protected":false},"author":1,"featured_media":0,"parent":0,"menu_order":0,"comment_status":"closed","ping_status":"closed","template":"100-width.php","meta":[],"yoast_head":"<!-- This site is optimized with the Yoast SEO plugin v15.9 - https:\/\/yoast.com\/wordpress\/plugins\/seo\/ -->\n<title>Donn\u00e9es personnelles - Paul Jourdain<\/title>\n<meta name=\"robots\" content=\"index, follow, max-snippet:-1, max-image-preview:large, max-video-preview:-1\" \/>\n<link rel=\"canonical\" href=\"https:\/\/paul-jourdain.com\/index.php\/donnees-personnelles\/\" \/>\n<meta property=\"og:locale\" content=\"fr_FR\" \/>\n<meta property=\"og:type\" content=\"article\" \/>\n<meta property=\"og:title\" content=\"Donn\u00e9es personnelles - Paul Jourdain\" \/>\n<meta property=\"og:url\" content=\"https:\/\/paul-jourdain.com\/index.php\/donnees-personnelles\/\" \/>\n<meta property=\"og:site_name\" content=\"Paul Jourdain\" \/>\n<meta property=\"article:modified_time\" content=\"2021-03-03T12:18:53+00:00\" \/>\n<meta name=\"twitter:card\" content=\"summary\" \/>\n<meta name=\"twitter:label1\" content=\"Dur\u00e9e de lecture est.\">\n\t<meta name=\"twitter:data1\" content=\"5 minutes\">\n<script type=\"application\/ld+json\" class=\"yoast-schema-graph\">{\"@context\":\"https:\/\/schema.org\",\"@graph\":[{\"@type\":\"WebSite\",\"@id\":\"https:\/\/paul-jourdain.com\/#website\",\"url\":\"https:\/\/paul-jourdain.com\/\",\"name\":\"Paul Jourdain\",\"description\":\"Architecte\",\"potentialAction\":[{\"@type\":\"SearchAction\",\"target\":\"https:\/\/paul-jourdain.com\/?s={search_term_string}\",\"query-input\":\"required name=search_term_string\"}],\"inLanguage\":\"fr-FR\"},{\"@type\":\"WebPage\",\"@id\":\"https:\/\/paul-jourdain.com\/index.php\/donnees-personnelles\/#webpage\",\"url\":\"https:\/\/paul-jourdain.com\/index.php\/donnees-personnelles\/\",\"name\":\"Donn\\u00e9es personnelles - Paul Jourdain\",\"isPartOf\":{\"@id\":\"https:\/\/paul-jourdain.com\/#website\"},\"datePublished\":\"2021-03-03T12:17:53+00:00\",\"dateModified\":\"2021-03-03T12:18:53+00:00\",\"breadcrumb\":{\"@id\":\"https:\/\/paul-jourdain.com\/index.php\/donnees-personnelles\/#breadcrumb\"},\"inLanguage\":\"fr-FR\",\"potentialAction\":[{\"@type\":\"ReadAction\",\"target\":[\"https:\/\/paul-jourdain.com\/index.php\/donnees-personnelles\/\"]}]},{\"@type\":\"BreadcrumbList\",\"@id\":\"https:\/\/paul-jourdain.com\/index.php\/donnees-personnelles\/#breadcrumb\",\"itemListElement\":[{\"@type\":\"ListItem\",\"position\":1,\"item\":{\"@type\":\"WebPage\",\"@id\":\"https:\/\/paul-jourdain.com\/\",\"url\":\"https:\/\/paul-jourdain.com\/\",\"name\":\"Home\"}},{\"@type\":\"ListItem\",\"position\":2,\"item\":{\"@type\":\"WebPage\",\"@id\":\"https:\/\/paul-jourdain.com\/index.php\/donnees-personnelles\/\",\"url\":\"https:\/\/paul-jourdain.com\/index.php\/donnees-personnelles\/\",\"name\":\"Donn\\u00e9es personnelles\"}}]}]}<\/script>\n<!-- \/ Yoast SEO plugin. -->","_links":{"self":[{"href":"https:\/\/paul-jourdain.com\/index.php\/wp-json\/wp\/v2\/pages\/1279"}],"collection":[{"href":"https:\/\/paul-jourdain.com\/index.php\/wp-json\/wp\/v2\/pages"}],"about":[{"href":"https:\/\/paul-jourdain.com\/index.php\/wp-json\/wp\/v2\/types\/page"}],"author":[{"embeddable":true,"href":"https:\/\/paul-jourdain.com\/index.php\/wp-json\/wp\/v2\/users\/1"}],"replies":[{"embeddable":true,"href":"https:\/\/paul-jourdain.com\/index.php\/wp-json\/wp\/v2\/comments?post=1279"}],"version-history":[{"count":2,"href":"https:\/\/paul-jourdain.com\/index.php\/wp-json\/wp\/v2\/pages\/1279\/revisions"}],"predecessor-version":[{"id":1282,"href":"https:\/\/paul-jourdain.com\/index.php\/wp-json\/wp\/v2\/pages\/1279\/revisions\/1282"}],"wp:attachment":[{"href":"https:\/\/paul-jourdain.com\/index.php\/wp-json\/wp\/v2\/media?parent=1279"}],"curies":[{"name":"wp","href":"https:\/\/api.w.org\/{rel}","templated":true}]}}